{"id":1150,"date":"2020-12-10T18:44:53","date_gmt":"2020-12-10T17:44:53","guid":{"rendered":"https:\/\/fltpoccitanie.fr\/?page_id=1150"},"modified":"2026-01-27T10:11:36","modified_gmt":"2026-01-27T09:11:36","slug":"nos-engins-terrassement-larra","status":"publish","type":"page","link":"https:\/\/fltpoccitanie.fr\/index.php\/nos-engins-terrassement-larra\/","title":{"rendered":"Nos engins"},"content":{"rendered":"<div data-colibri-id=\"1150-c1\" class=\"style-790 style-local-1150-c1 position-relative\">\n  <!---->\n  <div data-colibri-component=\"section\" data-colibri-id=\"1150-c2\" id=\"photo-gallery\" class=\"h-section h-section-global-spacing d-flex align-items-lg-center align-items-md-center align-items-center style-791 style-local-1150-c2 position-relative\">\n    <!---->\n    <!---->\n    <div class=\"h-section-grid-container h-section-fluid-container\">\n      <!---->\n      <div data-colibri-id=\"1150-c3\" class=\"h-row-container gutters-row-lg-0 gutters-row-md-0 gutters-row-0 gutters-row-v-lg-0 gutters-row-v-md-0 gutters-row-v-0 style-792 style-local-1150-c3 position-relative\">\n        <!---->\n        <div class=\"h-row justify-content-lg-center justify-content-md-center justify-content-center align-items-lg-stretch align-items-md-stretch align-items-stretch gutters-col-lg-0 gutters-col-md-0 gutters-col-0 gutters-col-v-lg-0 gutters-col-v-md-0 gutters-col-v-0\">\n          <!---->\n          <div class=\"h-column h-column-container d-flex h-col-lg-auto h-col-md-auto h-col-auto style-793-outer style-local-1150-c4-outer\">\n            <div data-colibri-id=\"1150-c4\" class=\"d-flex h-flex-basis h-column__inner h-px-lg-0 h-px-md-0 h-px-0 v-inner-lg-0 v-inner-md-0 v-inner-0 style-793 style-local-1150-c4 position-relative\">\n              <!---->\n              <!---->\n              <div class=\"w-100 h-y-container h-column__content h-column__v-align flex-basis-100 align-self-lg-start align-self-md-start align-self-start\">\n                <!---->\n                <div data-colibri-component=\"\" data-colibri-id=\"1150-c5\" class=\"h-photo-gallery margin-none caption-none style-794 style-local-1150-c5 position-relative h-element\">\n                  <!---->\n                  <div class=\"h-global-transition-all\"><div id='colibri-1150-c5' class='gallery-wrapper'>    <style type=\"text\/css\">\n\n        @media (min-width: 1023px) {        #colibri-1150-c5        dl {\n            float: left;\n            width: 8.3333333333333% !important;\n            max-width: 8.3333333333333% !important;\n            min-width: 8.3333333333333% !important;\n        }\n\n        #colibri-1150-c5        dl:nth-of-type(12n +1 ) {\n            clear: both;\n        }\n\n        }@media (min-width: 768px) and (max-width: 1023px) {        #colibri-1150-c5        dl {\n            float: left;\n            width: 8.3333333333333% !important;\n            max-width: 8.3333333333333% !important;\n            min-width: 8.3333333333333% !important;\n        }\n\n        #colibri-1150-c5        dl:nth-of-type(12n +1 ) {\n            clear: both;\n        }\n\n        }@media (max-width: 767px) {        #colibri-1150-c5        dl {\n            float: left;\n            width: 50% !important;\n            max-width: 50% !important;\n            min-width: 50% !important;\n        }\n\n        #colibri-1150-c5        dl:nth-of-type(2n +1 ) {\n            clear: both;\n        }\n\n        }\n        #colibri-1150-c5        .gallery-item {\n            position: relative;\n        }\n\n        \n    <\/style>\n    <div   class='colibri-1150-c5-dls-wrapper gallery-items-wrapper' ><dl class='gallery-item masonry-item'>\n\t\t\t<dt class='gallery-icon landscape'>\n\t\t\t\t<a data-fancybox=\"colibri-1150-c5-group\" href='https:\/\/fltpoccitanie.fr\/wp-content\/uploads\/2020\/12\/pelle-a-pneu-15-ronnes-pelle-a-chenille-21-tonnes-1.jpg'><img  width=\"150\" height=\"150\" src=\"https:\/\/fltpoccitanie.fr\/wp-content\/uploads\/2020\/12\/pelle-a-pneu-15-ronnes-pelle-a-chenille-21-tonnes-1-150x150.jpg\"  class='colibri-1150-c5-image' alt=\"\" loading=\"lazy\" aria-describedby=\"gallery-1-1226\" \/><\/a>\n\t\t\t<\/dt>\n\t\t\t\t<div class=\"gallery-caption__wrapper\"><dd class='wp-caption-text gallery-caption' id='gallery-1-1226'>\n\t\t\t\tEntreprise de Terrassement \u00e0 Larra\n\t\t\t\t<\/dd><\/div><\/dl><dl class='gallery-item masonry-item'>\n\t\t\t<dt class='gallery-icon portrait'>\n\t\t\t\t<a data-fancybox=\"colibri-1150-c5-group\" href='https:\/\/fltpoccitanie.fr\/wp-content\/uploads\/2021\/01\/930acaf3-4092-4498-954b-369e498a45ca.jpg'><img  width=\"150\" height=\"150\" src=\"https:\/\/fltpoccitanie.fr\/wp-content\/uploads\/2021\/01\/930acaf3-4092-4498-954b-369e498a45ca-150x150.jpg\"  class='colibri-1150-c5-image' alt=\"\" loading=\"lazy\" aria-describedby=\"gallery-1-1355\" \/><\/a>\n\t\t\t<\/dt>\n\t\t\t\t<div class=\"gallery-caption__wrapper\"><dd class='wp-caption-text gallery-caption' id='gallery-1-1355'>\n\t\t\t\tEntreprise de Terrassement \u00e0 Larra\n\t\t\t\t<\/dd><\/div><\/dl><dl class='gallery-item masonry-item'>\n\t\t\t<dt class='gallery-icon portrait'>\n\t\t\t\t<a data-fancybox=\"colibri-1150-c5-group\" href='https:\/\/fltpoccitanie.fr\/wp-content\/uploads\/2026\/01\/WhatsApp-Image-2026-01-23-at-11.50.30.jpeg'><img  width=\"150\" height=\"150\" src=\"https:\/\/fltpoccitanie.fr\/wp-content\/uploads\/2026\/01\/WhatsApp-Image-2026-01-23-at-11.50.30-150x150.jpeg\"  class='colibri-1150-c5-image' alt=\"\" loading=\"lazy\" aria-describedby=\"gallery-1-2462\" \/><\/a>\n\t\t\t<\/dt>\n\t\t\t\t<div class=\"gallery-caption__wrapper\"><dd class='wp-caption-text gallery-caption' id='gallery-1-2462'>\n\t\t\t\tEntreprise de Terrassement \u00e0 Larra\n\t\t\t\t<\/dd><\/div><\/dl><dl class='gallery-item masonry-item'>\n\t\t\t<dt class='gallery-icon portrait'>\n\t\t\t\t<a data-fancybox=\"colibri-1150-c5-group\" href='https:\/\/fltpoccitanie.fr\/wp-content\/uploads\/2026\/01\/WhatsApp-Image-2026-01-23-at-11.52.29.jpeg'><img  width=\"150\" height=\"150\" src=\"https:\/\/fltpoccitanie.fr\/wp-content\/uploads\/2026\/01\/WhatsApp-Image-2026-01-23-at-11.52.29-150x150.jpeg\"  class='colibri-1150-c5-image' alt=\"\" loading=\"lazy\" aria-describedby=\"gallery-1-2463\" \/><\/a>\n\t\t\t<\/dt>\n\t\t\t\t<div class=\"gallery-caption__wrapper\"><dd class='wp-caption-text gallery-caption' id='gallery-1-2463'>\n\t\t\t\tEntreprise de Terrassement \u00e0 Larra\n\t\t\t\t<\/dd><\/div><\/dl><dl class='gallery-item masonry-item'>\n\t\t\t<dt class='gallery-icon portrait'>\n\t\t\t\t<a data-fancybox=\"colibri-1150-c5-group\" href='https:\/\/fltpoccitanie.fr\/wp-content\/uploads\/2026\/01\/WhatsApp-Image-2026-01-23-at-11.49.08.jpeg'><img  width=\"150\" height=\"150\" src=\"https:\/\/fltpoccitanie.fr\/wp-content\/uploads\/2026\/01\/WhatsApp-Image-2026-01-23-at-11.49.08-150x150.jpeg\"  class='colibri-1150-c5-image' alt=\"\" loading=\"lazy\" aria-describedby=\"gallery-1-2464\" \/><\/a>\n\t\t\t<\/dt>\n\t\t\t\t<div class=\"gallery-caption__wrapper\"><dd class='wp-caption-text gallery-caption' id='gallery-1-2464'>\n\t\t\t\tEntreprise de Terrassement \u00e0 Larra\n\t\t\t\t<\/dd><\/div><\/dl><dl class='gallery-item masonry-item'>\n\t\t\t<dt class='gallery-icon portrait'>\n\t\t\t\t<a data-fancybox=\"colibri-1150-c5-group\" href='https:\/\/fltpoccitanie.fr\/wp-content\/uploads\/2026\/01\/WhatsApp-Image-2026-01-23-at-11.49.54.jpeg'><img  width=\"150\" height=\"150\" src=\"https:\/\/fltpoccitanie.fr\/wp-content\/uploads\/2026\/01\/WhatsApp-Image-2026-01-23-at-11.49.54-150x150.jpeg\"  class='colibri-1150-c5-image' alt=\"\" loading=\"lazy\" aria-describedby=\"gallery-1-2465\" \/><\/a>\n\t\t\t<\/dt>\n\t\t\t\t<div class=\"gallery-caption__wrapper\"><dd class='wp-caption-text gallery-caption' id='gallery-1-2465'>\n\t\t\t\tEntreprise de Terrassement \u00e0 Larra\n\t\t\t\t<\/dd><\/div><\/dl><dl class='gallery-item masonry-item'>\n\t\t\t<dt class='gallery-icon portrait'>\n\t\t\t\t<a data-fancybox=\"colibri-1150-c5-group\" href='https:\/\/fltpoccitanie.fr\/wp-content\/uploads\/2026\/01\/WhatsApp-Image-2026-01-23-at-11.47.49.jpeg'><img  width=\"150\" height=\"150\" src=\"https:\/\/fltpoccitanie.fr\/wp-content\/uploads\/2026\/01\/WhatsApp-Image-2026-01-23-at-11.47.49-150x150.jpeg\"  class='colibri-1150-c5-image' alt=\"\" loading=\"lazy\" aria-describedby=\"gallery-1-2466\" \/><\/a>\n\t\t\t<\/dt>\n\t\t\t\t<div class=\"gallery-caption__wrapper\"><dd class='wp-caption-text gallery-caption' id='gallery-1-2466'>\n\t\t\t\tEntreprise de Terrassement \u00e0 Larra\n\t\t\t\t<\/dd><\/div><\/dl><dl class='gallery-item masonry-item'>\n\t\t\t<dt class='gallery-icon portrait'>\n\t\t\t\t<a data-fancybox=\"colibri-1150-c5-group\" href='https:\/\/fltpoccitanie.fr\/wp-content\/uploads\/2026\/01\/WhatsApp-Image-2026-01-23-at-11.46.52.jpeg'><img  width=\"150\" height=\"150\" src=\"https:\/\/fltpoccitanie.fr\/wp-content\/uploads\/2026\/01\/WhatsApp-Image-2026-01-23-at-11.46.52-150x150.jpeg\"  class='colibri-1150-c5-image' alt=\"\" loading=\"lazy\" aria-describedby=\"gallery-1-2467\" \/><\/a>\n\t\t\t<\/dt>\n\t\t\t\t<div class=\"gallery-caption__wrapper\"><dd class='wp-caption-text gallery-caption' id='gallery-1-2467'>\n\t\t\t\tEntreprise de Terrassement \u00e0 Larra\n\t\t\t\t<\/dd><\/div><\/dl><dl class='gallery-item masonry-item'>\n\t\t\t<dt class='gallery-icon portrait'>\n\t\t\t\t<a data-fancybox=\"colibri-1150-c5-group\" href='https:\/\/fltpoccitanie.fr\/wp-content\/uploads\/2026\/01\/WhatsApp-Image-2026-01-23-at-11.48.27.jpeg'><img  width=\"150\" height=\"150\" src=\"https:\/\/fltpoccitanie.fr\/wp-content\/uploads\/2026\/01\/WhatsApp-Image-2026-01-23-at-11.48.27-150x150.jpeg\"  class='colibri-1150-c5-image' alt=\"\" loading=\"lazy\" aria-describedby=\"gallery-1-2468\" \/><\/a>\n\t\t\t<\/dt>\n\t\t\t\t<div class=\"gallery-caption__wrapper\"><dd class='wp-caption-text gallery-caption' id='gallery-1-2468'>\n\t\t\t\tEntreprise de Terrassement \u00e0 Larra\n\t\t\t\t<\/dd><\/div><\/dl><dl class='gallery-item masonry-item'>\n\t\t\t<dt class='gallery-icon portrait'>\n\t\t\t\t<a data-fancybox=\"colibri-1150-c5-group\" href='https:\/\/fltpoccitanie.fr\/wp-content\/uploads\/2026\/01\/WhatsApp-Image-2026-01-23-at-11.41.29.jpeg'><img  width=\"150\" height=\"150\" src=\"https:\/\/fltpoccitanie.fr\/wp-content\/uploads\/2026\/01\/WhatsApp-Image-2026-01-23-at-11.41.29-150x150.jpeg\"  class='colibri-1150-c5-image' alt=\"\" loading=\"lazy\" aria-describedby=\"gallery-1-2469\" \/><\/a>\n\t\t\t<\/dt>\n\t\t\t\t<div class=\"gallery-caption__wrapper\"><dd class='wp-caption-text gallery-caption' id='gallery-1-2469'>\n\t\t\t\tEntreprise de Terrassement \u00e0 Larra\n\t\t\t\t<\/dd><\/div><\/dl><dl class='gallery-item masonry-item'>\n\t\t\t<dt class='gallery-icon portrait'>\n\t\t\t\t<a data-fancybox=\"colibri-1150-c5-group\" href='https:\/\/fltpoccitanie.fr\/wp-content\/uploads\/2026\/01\/WhatsApp-Image-2026-01-23-at-11.44.18.jpeg'><img  width=\"150\" height=\"150\" src=\"https:\/\/fltpoccitanie.fr\/wp-content\/uploads\/2026\/01\/WhatsApp-Image-2026-01-23-at-11.44.18-150x150.jpeg\"  class='colibri-1150-c5-image' alt=\"\" loading=\"lazy\" aria-describedby=\"gallery-1-2470\" \/><\/a>\n\t\t\t<\/dt>\n\t\t\t\t<div class=\"gallery-caption__wrapper\"><dd class='wp-caption-text gallery-caption' id='gallery-1-2470'>\n\t\t\t\tEntreprise de Terrassement \u00e0 Larra\n\t\t\t\t<\/dd><\/div><\/dl><dl class='gallery-item masonry-item'>\n\t\t\t<dt class='gallery-icon portrait'>\n\t\t\t\t<a data-fancybox=\"colibri-1150-c5-group\" href='https:\/\/fltpoccitanie.fr\/wp-content\/uploads\/2026\/01\/WhatsApp-Image-2026-01-23-at-11.42.20.jpeg'><img  width=\"150\" height=\"150\" src=\"https:\/\/fltpoccitanie.fr\/wp-content\/uploads\/2026\/01\/WhatsApp-Image-2026-01-23-at-11.42.20-150x150.jpeg\"  class='colibri-1150-c5-image' alt=\"\" loading=\"lazy\" aria-describedby=\"gallery-1-2471\" \/><\/a>\n\t\t\t<\/dt>\n\t\t\t\t<div class=\"gallery-caption__wrapper\"><dd class='wp-caption-text gallery-caption' id='gallery-1-2471'>\n\t\t\t\tEntreprise de Terrassement \u00e0 Larra\n\t\t\t\t<\/dd><\/div><\/dl><dl class='gallery-item masonry-item'>\n\t\t\t<dt class='gallery-icon portrait'>\n\t\t\t\t<a data-fancybox=\"colibri-1150-c5-group\" href='https:\/\/fltpoccitanie.fr\/wp-content\/uploads\/2026\/01\/WhatsApp-Image-2026-01-23-at-11.43.40.jpeg'><img  width=\"150\" height=\"150\" src=\"https:\/\/fltpoccitanie.fr\/wp-content\/uploads\/2026\/01\/WhatsApp-Image-2026-01-23-at-11.43.40-150x150.jpeg\"  class='colibri-1150-c5-image' alt=\"\" loading=\"lazy\" aria-describedby=\"gallery-1-2472\" \/><\/a>\n\t\t\t<\/dt>\n\t\t\t\t<div class=\"gallery-caption__wrapper\"><dd class='wp-caption-text gallery-caption' id='gallery-1-2472'>\n\t\t\t\tEntreprise de Terrassement \u00e0 Larra\n\t\t\t\t<\/dd><\/div><\/dl><dl class='gallery-item masonry-item'>\n\t\t\t<dt class='gallery-icon portrait'>\n\t\t\t\t<a data-fancybox=\"colibri-1150-c5-group\" href='https:\/\/fltpoccitanie.fr\/wp-content\/uploads\/2026\/01\/WhatsApp-Image-2026-01-23-at-11.42.35.jpeg'><img  width=\"150\" height=\"150\" src=\"https:\/\/fltpoccitanie.fr\/wp-content\/uploads\/2026\/01\/WhatsApp-Image-2026-01-23-at-11.42.35-150x150.jpeg\"  class='colibri-1150-c5-image' alt=\"\" loading=\"lazy\" aria-describedby=\"gallery-1-2473\" \/><\/a>\n\t\t\t<\/dt>\n\t\t\t\t<div class=\"gallery-caption__wrapper\"><dd class='wp-caption-text gallery-caption' id='gallery-1-2473'>\n\t\t\t\tEntreprise de Terrassement \u00e0 Larra\n\t\t\t\t<\/dd><\/div><\/dl>\n\t\t\t\n\t\t<\/div>\n<style>#colibri-1150-c5 .wp-caption-text.gallery-caption{display:none;}<\/style><\/div><\/div>\n                <\/div>\n              <\/div>\n            <\/div>\n          <\/div>\n        <\/div>\n      <\/div>\n    <\/div>\n  <\/div>\n<\/div>","protected":false},"excerpt":{"rendered":"","protected":false},"author":1,"featured_media":0,"parent":0,"menu_order":0,"comment_status":"closed","ping_status":"closed","template":"page-templates\/full-width-page.php","meta":[],"yoast_head":"<!-- This site is optimized with the Yoast SEO plugin v15.2.1 - https:\/\/yoast.com\/wordpress\/plugins\/seo\/ -->\n<title>Nos engins - FLTP Occitanie -Terrassement \u00e0 Larra<\/title>\n<meta name=\"description\" content=\"D\u00e9couvrez les chantiers d&#039;enrochement et de gabion r\u00e9alis\u00e9s par FLTP Occitanie. Terrassement, enrob\u00e9 b\u00e9ton, assainissement Colomiers.\" \/>\n<meta name=\"robots\" content=\"index, follow, max-snippet:-1, max-image-preview:large, max-video-preview:-1\" \/>\n<link rel=\"canonical\" href=\"https:\/\/fltpoccitanie.fr\/index.php\/nos-engins-terrassement-larra\/\" \/>\n<meta property=\"og:locale\" content=\"fr_FR\" \/>\n<meta property=\"og:type\" content=\"article\" \/>\n<meta property=\"og:title\" content=\"D\u00e9couvrez les diff\u00e9rents engins de l&#039;entreprise FLTP Occitanie entreprise de terrassement \u00e0 Larra\" \/>\n<meta property=\"og:description\" content=\"D\u00e9couvrez les diff\u00e9rents engins de l&#039;entreprise FLTP Occitanie entreprise de terrassement \u00e0 Larra\" \/>\n<meta property=\"og:url\" content=\"https:\/\/fltpoccitanie.fr\/index.php\/nos-engins-terrassement-larra\/\" \/>\n<meta property=\"og:site_name\" content=\"FLTP Occitanie\" \/>\n<meta property=\"article:publisher\" content=\"https:\/\/www.facebook.com\/FLTP-Occitanie-2255442611148248\" \/>\n<meta property=\"article:modified_time\" content=\"2026-01-27T09:11:36+00:00\" \/>\n<meta property=\"og:image\" content=\"https:\/\/fltpoccitanie.fr\/wp-content\/uploads\/2020\/11\/cropped-cropped-cropped-cropped-LOGO-FLTP-sans-fond.png\" \/>\n\t<meta property=\"og:image:width\" content=\"822\" \/>\n\t<meta property=\"og:image:height\" content=\"595\" \/>\n<meta name=\"twitter:card\" content=\"summary_large_image\" \/>\n<meta name=\"twitter:label1\" content=\"\u00c9crit par\">\n\t<meta name=\"twitter:data1\" content=\"FLTP OCCITANIE\">\n\t<meta name=\"twitter:label2\" content=\"Dur\u00e9e de lecture est.\">\n\t<meta name=\"twitter:data2\" content=\"0 minute\">\n<script type=\"application\/ld+json\" class=\"yoast-schema-graph\">{\"@context\":\"https:\/\/schema.org\",\"@graph\":[{\"@type\":\"Organization\",\"@id\":\"https:\/\/fltpoccitanie.fr\/#organization\",\"name\":\"FLTP OCCITANIE entreprise de terrassement \\u00e0 Larra\",\"url\":\"https:\/\/fltpoccitanie.fr\/\",\"sameAs\":[\"https:\/\/www.facebook.com\/FLTP-Occitanie-2255442611148248\",\"https:\/\/www.instagram.com\/fltp.occitanie\/?hl=fr\"],\"logo\":{\"@type\":\"ImageObject\",\"@id\":\"https:\/\/fltpoccitanie.fr\/#logo\",\"inLanguage\":\"fr-FR\",\"url\":\"https:\/\/fltpoccitanie.fr\/wp-content\/uploads\/2020\/11\/LOGO-FLTP.png\",\"width\":1713,\"height\":1241,\"caption\":\"FLTP OCCITANIE entreprise de terrassement \\u00e0 Larra\"},\"image\":{\"@id\":\"https:\/\/fltpoccitanie.fr\/#logo\"}},{\"@type\":\"WebSite\",\"@id\":\"https:\/\/fltpoccitanie.fr\/#website\",\"url\":\"https:\/\/fltpoccitanie.fr\/\",\"name\":\"FLTP Occitanie\",\"description\":\"Travaux de D\\u00e9molition, Terrassement, Assainissement, Enrochement, Am\\u00e9nagement ext\\u00e9rieur \\u00e0 Larra\",\"publisher\":{\"@id\":\"https:\/\/fltpoccitanie.fr\/#organization\"},\"potentialAction\":[{\"@type\":\"SearchAction\",\"target\":\"https:\/\/fltpoccitanie.fr\/?s={search_term_string}\",\"query-input\":\"required name=search_term_string\"}],\"inLanguage\":\"fr-FR\"},{\"@type\":\"WebPage\",\"@id\":\"https:\/\/fltpoccitanie.fr\/index.php\/nos-engins-terrassement-larra\/#webpage\",\"url\":\"https:\/\/fltpoccitanie.fr\/index.php\/nos-engins-terrassement-larra\/\",\"name\":\"Nos engins - FLTP Occitanie -Terrassement \\u00e0 Larra\",\"isPartOf\":{\"@id\":\"https:\/\/fltpoccitanie.fr\/#website\"},\"datePublished\":\"2020-12-10T17:44:53+00:00\",\"dateModified\":\"2026-01-27T09:11:36+00:00\",\"description\":\"D\\u00e9couvrez les chantiers d'enrochement et de gabion r\\u00e9alis\\u00e9s par FLTP Occitanie. Terrassement, enrob\\u00e9 b\\u00e9ton, assainissement Colomiers.\",\"inLanguage\":\"fr-FR\",\"potentialAction\":[{\"@type\":\"ReadAction\",\"target\":[\"https:\/\/fltpoccitanie.fr\/index.php\/nos-engins-terrassement-larra\/\"]}]}]}<\/script>\n<!-- \/ Yoast SEO plugin. -->","_links":{"self":[{"href":"https:\/\/fltpoccitanie.fr\/index.php\/wp-json\/wp\/v2\/pages\/1150"}],"collection":[{"href":"https:\/\/fltpoccitanie.fr\/index.php\/wp-json\/wp\/v2\/pages"}],"about":[{"href":"https:\/\/fltpoccitanie.fr\/index.php\/wp-json\/wp\/v2\/types\/page"}],"author":[{"embeddable":true,"href":"https:\/\/fltpoccitanie.fr\/index.php\/wp-json\/wp\/v2\/users\/1"}],"replies":[{"embeddable":true,"href":"https:\/\/fltpoccitanie.fr\/index.php\/wp-json\/wp\/v2\/comments?post=1150"}],"version-history":[{"count":9,"href":"https:\/\/fltpoccitanie.fr\/index.php\/wp-json\/wp\/v2\/pages\/1150\/revisions"}],"predecessor-version":[{"id":2476,"href":"https:\/\/fltpoccitanie.fr\/index.php\/wp-json\/wp\/v2\/pages\/1150\/revisions\/2476"}],"wp:attachment":[{"href":"https:\/\/fltpoccitanie.fr\/index.php\/wp-json\/wp\/v2\/media?parent=1150"}],"curies":[{"name":"wp","href":"https:\/\/api.w.org\/{rel}","templated":true}]}}