{"id":1143,"date":"2020-12-10T18:43:52","date_gmt":"2020-12-10T17:43:52","guid":{"rendered":"https:\/\/fltpoccitanie.fr\/?page_id=1143"},"modified":"2022-11-02T15:38:48","modified_gmt":"2022-11-02T14:38:48","slug":"enrochement-gabion-terrassement-larra","status":"publish","type":"page","link":"https:\/\/fltpoccitanie.fr\/index.php\/enrochement-gabion-terrassement-larra\/","title":{"rendered":"Enrochement &#8211; Gabion"},"content":{"rendered":"<div data-colibri-id=\"1143-c1\" class=\"style-785 style-local-1143-c1 position-relative\">\n  <!---->\n  <div data-colibri-component=\"section\" data-colibri-id=\"1143-c2\" id=\"photo-gallery\" class=\"h-section h-section-global-spacing d-flex align-items-lg-center align-items-md-center align-items-center style-786 style-local-1143-c2 position-relative\">\n    <!---->\n    <!---->\n    <div class=\"h-section-grid-container h-section-fluid-container\">\n      <!---->\n      <div data-colibri-id=\"1143-c3\" class=\"h-row-container gutters-row-lg-0 gutters-row-md-0 gutters-row-0 gutters-row-v-lg-0 gutters-row-v-md-0 gutters-row-v-0 style-787 style-local-1143-c3 position-relative\">\n        <!---->\n        <div class=\"h-row justify-content-lg-center justify-content-md-center justify-content-center align-items-lg-stretch align-items-md-stretch align-items-stretch gutters-col-lg-0 gutters-col-md-0 gutters-col-0 gutters-col-v-lg-0 gutters-col-v-md-0 gutters-col-v-0\">\n          <!---->\n          <div class=\"h-column h-column-container d-flex h-col-lg-auto h-col-md-auto h-col-auto style-788-outer style-local-1143-c4-outer\">\n            <div data-colibri-id=\"1143-c4\" class=\"d-flex h-flex-basis h-column__inner h-px-lg-0 h-px-md-0 h-px-0 v-inner-lg-0 v-inner-md-0 v-inner-0 style-788 style-local-1143-c4 position-relative\">\n              <!---->\n              <!---->\n              <div class=\"w-100 h-y-container h-column__content h-column__v-align flex-basis-100 align-self-lg-start align-self-md-start align-self-start\">\n                <!---->\n                <div data-colibri-component=\"\" data-colibri-id=\"1143-c5\" class=\"h-photo-gallery margin-none caption-none style-789 style-local-1143-c5 position-relative h-element\">\n                  <!---->\n                  <div class=\"h-global-transition-all\"><div id='colibri-1143-c5' class='gallery-wrapper'>    <style type=\"text\/css\">\n\n        @media (min-width: 1023px) {        #colibri-1143-c5        dl {\n            float: left;\n            width: 8.3333333333333% !important;\n            max-width: 8.3333333333333% !important;\n            min-width: 8.3333333333333% !important;\n        }\n\n        #colibri-1143-c5        dl:nth-of-type(12n +1 ) {\n            clear: both;\n        }\n\n        }@media (min-width: 768px) and (max-width: 1023px) {        #colibri-1143-c5        dl {\n            float: left;\n            width: 8.3333333333333% !important;\n            max-width: 8.3333333333333% !important;\n            min-width: 8.3333333333333% !important;\n        }\n\n        #colibri-1143-c5        dl:nth-of-type(12n +1 ) {\n            clear: both;\n        }\n\n        }@media (max-width: 767px) {        #colibri-1143-c5        dl {\n            float: left;\n            width: 50% !important;\n            max-width: 50% !important;\n            min-width: 50% !important;\n        }\n\n        #colibri-1143-c5        dl:nth-of-type(2n +1 ) {\n            clear: both;\n        }\n\n        }\n        #colibri-1143-c5        .gallery-item {\n            position: relative;\n        }\n\n        \n    <\/style>\n    <div   class='colibri-1143-c5-dls-wrapper gallery-items-wrapper' ><dl class='gallery-item masonry-item'>\n\t\t\t<dt class='gallery-icon portrait'>\n\t\t\t\t<a data-fancybox=\"colibri-1143-c5-group\" href='https:\/\/fltpoccitanie.fr\/wp-content\/uploads\/2020\/12\/0.png'><img  width=\"150\" height=\"150\" src=\"https:\/\/fltpoccitanie.fr\/wp-content\/uploads\/2020\/12\/0-150x150.png\"  class='colibri-1143-c5-image' alt=\"\" loading=\"lazy\" aria-describedby=\"gallery-1-1210\" \/><\/a>\n\t\t\t<\/dt>\n\t\t\t\t<div class=\"gallery-caption__wrapper\"><dd class='wp-caption-text gallery-caption' id='gallery-1-1210'>\n\t\t\t\tEntreprise de Terrassement \u00e0 Larra\n\t\t\t\t<\/dd><\/div><\/dl><dl class='gallery-item masonry-item'>\n\t\t\t<dt class='gallery-icon portrait'>\n\t\t\t\t<a data-fancybox=\"colibri-1143-c5-group\" href='https:\/\/fltpoccitanie.fr\/wp-content\/uploads\/2020\/12\/1-4-scaled.jpg'><img  width=\"150\" height=\"150\" src=\"https:\/\/fltpoccitanie.fr\/wp-content\/uploads\/2020\/12\/1-4-150x150.jpg\"  class='colibri-1143-c5-image' alt=\"\" loading=\"lazy\" aria-describedby=\"gallery-1-1211\" \/><\/a>\n\t\t\t<\/dt>\n\t\t\t\t<div class=\"gallery-caption__wrapper\"><dd class='wp-caption-text gallery-caption' id='gallery-1-1211'>\n\t\t\t\tEntreprise de Terrassement \u00e0 Larra\n\t\t\t\t<\/dd><\/div><\/dl><dl class='gallery-item masonry-item'>\n\t\t\t<dt class='gallery-icon portrait'>\n\t\t\t\t<a data-fancybox=\"colibri-1143-c5-group\" href='https:\/\/fltpoccitanie.fr\/wp-content\/uploads\/2020\/12\/2-4.jpg'><img  width=\"150\" height=\"150\" src=\"https:\/\/fltpoccitanie.fr\/wp-content\/uploads\/2020\/12\/2-4-150x150.jpg\"  class='colibri-1143-c5-image' alt=\"\" loading=\"lazy\" aria-describedby=\"gallery-1-1212\" \/><\/a>\n\t\t\t<\/dt>\n\t\t\t\t<div class=\"gallery-caption__wrapper\"><dd class='wp-caption-text gallery-caption' id='gallery-1-1212'>\n\t\t\t\tEntreprise de Terrassement \u00e0 Larra\n\t\t\t\t<\/dd><\/div><\/dl><dl class='gallery-item masonry-item'>\n\t\t\t<dt class='gallery-icon portrait'>\n\t\t\t\t<a data-fancybox=\"colibri-1143-c5-group\" href='https:\/\/fltpoccitanie.fr\/wp-content\/uploads\/2020\/12\/4.png'><img  width=\"150\" height=\"150\" src=\"https:\/\/fltpoccitanie.fr\/wp-content\/uploads\/2020\/12\/4-150x150.png\"  class='colibri-1143-c5-image' alt=\"\" loading=\"lazy\" aria-describedby=\"gallery-1-1213\" \/><\/a>\n\t\t\t<\/dt>\n\t\t\t\t<div class=\"gallery-caption__wrapper\"><dd class='wp-caption-text gallery-caption' id='gallery-1-1213'>\n\t\t\t\tEntreprise de Terrassement \u00e0 Larra\n\t\t\t\t<\/dd><\/div><\/dl><dl class='gallery-item masonry-item'>\n\t\t\t<dt class='gallery-icon portrait'>\n\t\t\t\t<a data-fancybox=\"colibri-1143-c5-group\" href='https:\/\/fltpoccitanie.fr\/wp-content\/uploads\/2020\/12\/5-2.jpg'><img  width=\"150\" height=\"150\" src=\"https:\/\/fltpoccitanie.fr\/wp-content\/uploads\/2020\/12\/5-2-150x150.jpg\"  class='colibri-1143-c5-image' alt=\"\" loading=\"lazy\" aria-describedby=\"gallery-1-1214\" \/><\/a>\n\t\t\t<\/dt>\n\t\t\t\t<div class=\"gallery-caption__wrapper\"><dd class='wp-caption-text gallery-caption' id='gallery-1-1214'>\n\t\t\t\tEntreprise de Terrassement \u00e0 Larra\n\t\t\t\t<\/dd><\/div><\/dl><dl class='gallery-item masonry-item'>\n\t\t\t<dt class='gallery-icon portrait'>\n\t\t\t\t<a data-fancybox=\"colibri-1143-c5-group\" href='https:\/\/fltpoccitanie.fr\/wp-content\/uploads\/2020\/12\/6-2.jpg'><img  width=\"150\" height=\"150\" src=\"https:\/\/fltpoccitanie.fr\/wp-content\/uploads\/2020\/12\/6-2-150x150.jpg\"  class='colibri-1143-c5-image' alt=\"\" loading=\"lazy\" aria-describedby=\"gallery-1-1215\" \/><\/a>\n\t\t\t<\/dt>\n\t\t\t\t<div class=\"gallery-caption__wrapper\"><dd class='wp-caption-text gallery-caption' id='gallery-1-1215'>\n\t\t\t\tEntreprise de Terrassement \u00e0 Larra\n\t\t\t\t<\/dd><\/div><\/dl><dl class='gallery-item masonry-item'>\n\t\t\t<dt class='gallery-icon portrait'>\n\t\t\t\t<a data-fancybox=\"colibri-1143-c5-group\" href='https:\/\/fltpoccitanie.fr\/wp-content\/uploads\/2021\/03\/161365279_339726970801689_6228982579604425553_n.jpg'><img  width=\"150\" height=\"150\" src=\"https:\/\/fltpoccitanie.fr\/wp-content\/uploads\/2021\/03\/161365279_339726970801689_6228982579604425553_n-150x150.jpg\"  class='colibri-1143-c5-image' alt=\"\" loading=\"lazy\" aria-describedby=\"gallery-1-1470\" \/><\/a>\n\t\t\t<\/dt>\n\t\t\t\t<div class=\"gallery-caption__wrapper\"><dd class='wp-caption-text gallery-caption' id='gallery-1-1470'>\n\t\t\t\tEntreprise de Terrassement \u00e0 Larra\n\t\t\t\t<\/dd><\/div><\/dl><dl class='gallery-item masonry-item'>\n\t\t\t<dt class='gallery-icon portrait'>\n\t\t\t\t<a data-fancybox=\"colibri-1143-c5-group\" href='https:\/\/fltpoccitanie.fr\/wp-content\/uploads\/2021\/03\/160545007_921148998642296_5429349426712699156_n.jpg'><img  width=\"150\" height=\"150\" src=\"https:\/\/fltpoccitanie.fr\/wp-content\/uploads\/2021\/03\/160545007_921148998642296_5429349426712699156_n-150x150.jpg\"  class='colibri-1143-c5-image' alt=\"\" loading=\"lazy\" aria-describedby=\"gallery-1-1469\" \/><\/a>\n\t\t\t<\/dt>\n\t\t\t\t<div class=\"gallery-caption__wrapper\"><dd class='wp-caption-text gallery-caption' id='gallery-1-1469'>\n\t\t\t\tEntreprise de Terrassement \u00e0 Larra\n\t\t\t\t<\/dd><\/div><\/dl><dl class='gallery-item masonry-item'>\n\t\t\t<dt class='gallery-icon portrait'>\n\t\t\t\t<a data-fancybox=\"colibri-1143-c5-group\" href='https:\/\/fltpoccitanie.fr\/wp-content\/uploads\/2021\/03\/160751458_444676980185896_7698283597618455165_n.jpg'><img  width=\"150\" height=\"150\" src=\"https:\/\/fltpoccitanie.fr\/wp-content\/uploads\/2021\/03\/160751458_444676980185896_7698283597618455165_n-150x150.jpg\"  class='colibri-1143-c5-image' alt=\"\" loading=\"lazy\" aria-describedby=\"gallery-1-1468\" \/><\/a>\n\t\t\t<\/dt>\n\t\t\t\t<div class=\"gallery-caption__wrapper\"><dd class='wp-caption-text gallery-caption' id='gallery-1-1468'>\n\t\t\t\tEntreprise de Terrassement \u00e0 Larra\n\t\t\t\t<\/dd><\/div><\/dl><dl class='gallery-item masonry-item'>\n\t\t\t<dt class='gallery-icon portrait'>\n\t\t\t\t<a data-fancybox=\"colibri-1143-c5-group\" href='https:\/\/fltpoccitanie.fr\/wp-content\/uploads\/2022\/11\/312897952_1116958872544221_348290220318268161_n.jpg'><img  width=\"150\" height=\"150\" src=\"https:\/\/fltpoccitanie.fr\/wp-content\/uploads\/2022\/11\/312897952_1116958872544221_348290220318268161_n-150x150.jpg\"  class='colibri-1143-c5-image' alt=\"\" loading=\"lazy\" aria-describedby=\"gallery-1-1912\" \/><\/a>\n\t\t\t<\/dt>\n\t\t\t\t<div class=\"gallery-caption__wrapper\"><dd class='wp-caption-text gallery-caption' id='gallery-1-1912'>\n\t\t\t\tEntreprise de Terrassement \u00e0 Larra\n\t\t\t\t<\/dd><\/div><\/dl>\n\t\t\t\n\t\t<\/div>\n<style>#colibri-1143-c5 .wp-caption-text.gallery-caption{display:none;}<\/style><\/div><\/div>\n                <\/div>\n              <\/div>\n            <\/div>\n          <\/div>\n        <\/div>\n      <\/div>\n    <\/div>\n  <\/div>\n<\/div>","protected":false},"excerpt":{"rendered":"","protected":false},"author":1,"featured_media":0,"parent":0,"menu_order":0,"comment_status":"closed","ping_status":"closed","template":"page-templates\/full-width-page.php","meta":[],"yoast_head":"<!-- This site is optimized with the Yoast SEO plugin v15.2.1 - https:\/\/yoast.com\/wordpress\/plugins\/seo\/ -->\n<title>Enrochement - Gabion - FLTP Occitanie terrassement, enrob\u00e9 Grenade<\/title>\n<meta name=\"description\" content=\"FLTP Occitanie sp\u00e9cialiste du terrassement, enrob\u00e9, b\u00e9ton, assainissement, enrochement sur Grenade, Auch, Montauban, Grisolles, Colomiers.\" \/>\n<meta name=\"robots\" content=\"index, follow, max-snippet:-1, max-image-preview:large, max-video-preview:-1\" \/>\n<link rel=\"canonical\" href=\"https:\/\/fltpoccitanie.fr\/index.php\/enrochement-gabion-terrassement-larra\/\" \/>\n<meta property=\"og:locale\" content=\"fr_FR\" \/>\n<meta property=\"og:type\" content=\"article\" \/>\n<meta property=\"og:title\" content=\"D\u00e9couvrez les chantiers d&#039;enrochement et de gabion r\u00e9alis\u00e9s par FLTP Occitanie entreprise de terrassement \u00e0 Larra\" \/>\n<meta property=\"og:description\" content=\"D\u00e9couvrez les chantiers d&#039;enrochement et de gabion r\u00e9alis\u00e9s par FLTP Occitanie entreprise de terrassement \u00e0 Larra\" \/>\n<meta property=\"og:url\" content=\"https:\/\/fltpoccitanie.fr\/index.php\/enrochement-gabion-terrassement-larra\/\" \/>\n<meta property=\"og:site_name\" content=\"FLTP Occitanie\" \/>\n<meta property=\"article:publisher\" content=\"https:\/\/www.facebook.com\/FLTP-Occitanie-2255442611148248\" \/>\n<meta property=\"article:modified_time\" content=\"2022-11-02T14:38:48+00:00\" \/>\n<meta property=\"og:image\" content=\"https:\/\/fltpoccitanie.fr\/wp-content\/uploads\/2020\/11\/cropped-cropped-cropped-cropped-LOGO-FLTP-sans-fond.png\" \/>\n\t<meta property=\"og:image:width\" content=\"822\" \/>\n\t<meta property=\"og:image:height\" content=\"595\" \/>\n<meta name=\"twitter:card\" content=\"summary_large_image\" \/>\n<meta name=\"twitter:label1\" content=\"\u00c9crit par\">\n\t<meta name=\"twitter:data1\" content=\"FLTP OCCITANIE\">\n\t<meta name=\"twitter:label2\" content=\"Dur\u00e9e de lecture est.\">\n\t<meta name=\"twitter:data2\" content=\"0 minute\">\n<script type=\"application\/ld+json\" class=\"yoast-schema-graph\">{\"@context\":\"https:\/\/schema.org\",\"@graph\":[{\"@type\":\"Organization\",\"@id\":\"https:\/\/fltpoccitanie.fr\/#organization\",\"name\":\"FLTP OCCITANIE entreprise de terrassement \\u00e0 Larra\",\"url\":\"https:\/\/fltpoccitanie.fr\/\",\"sameAs\":[\"https:\/\/www.facebook.com\/FLTP-Occitanie-2255442611148248\",\"https:\/\/www.instagram.com\/fltp.occitanie\/?hl=fr\"],\"logo\":{\"@type\":\"ImageObject\",\"@id\":\"https:\/\/fltpoccitanie.fr\/#logo\",\"inLanguage\":\"fr-FR\",\"url\":\"https:\/\/fltpoccitanie.fr\/wp-content\/uploads\/2020\/11\/LOGO-FLTP.png\",\"width\":1713,\"height\":1241,\"caption\":\"FLTP OCCITANIE entreprise de terrassement \\u00e0 Larra\"},\"image\":{\"@id\":\"https:\/\/fltpoccitanie.fr\/#logo\"}},{\"@type\":\"WebSite\",\"@id\":\"https:\/\/fltpoccitanie.fr\/#website\",\"url\":\"https:\/\/fltpoccitanie.fr\/\",\"name\":\"FLTP Occitanie\",\"description\":\"Travaux de D\\u00e9molition, Terrassement, Assainissement, Enrochement, Am\\u00e9nagement ext\\u00e9rieur \\u00e0 Larra\",\"publisher\":{\"@id\":\"https:\/\/fltpoccitanie.fr\/#organization\"},\"potentialAction\":[{\"@type\":\"SearchAction\",\"target\":\"https:\/\/fltpoccitanie.fr\/?s={search_term_string}\",\"query-input\":\"required name=search_term_string\"}],\"inLanguage\":\"fr-FR\"},{\"@type\":\"WebPage\",\"@id\":\"https:\/\/fltpoccitanie.fr\/index.php\/enrochement-gabion-terrassement-larra\/#webpage\",\"url\":\"https:\/\/fltpoccitanie.fr\/index.php\/enrochement-gabion-terrassement-larra\/\",\"name\":\"Enrochement - Gabion - FLTP Occitanie terrassement, enrob\\u00e9 Grenade\",\"isPartOf\":{\"@id\":\"https:\/\/fltpoccitanie.fr\/#website\"},\"datePublished\":\"2020-12-10T17:43:52+00:00\",\"dateModified\":\"2022-11-02T14:38:48+00:00\",\"description\":\"FLTP Occitanie sp\\u00e9cialiste du terrassement, enrob\\u00e9, b\\u00e9ton, assainissement, enrochement sur Grenade, Auch, Montauban, Grisolles, Colomiers.\",\"inLanguage\":\"fr-FR\",\"potentialAction\":[{\"@type\":\"ReadAction\",\"target\":[\"https:\/\/fltpoccitanie.fr\/index.php\/enrochement-gabion-terrassement-larra\/\"]}]}]}<\/script>\n<!-- \/ Yoast SEO plugin. -->","_links":{"self":[{"href":"https:\/\/fltpoccitanie.fr\/index.php\/wp-json\/wp\/v2\/pages\/1143"}],"collection":[{"href":"https:\/\/fltpoccitanie.fr\/index.php\/wp-json\/wp\/v2\/pages"}],"about":[{"href":"https:\/\/fltpoccitanie.fr\/index.php\/wp-json\/wp\/v2\/types\/page"}],"author":[{"embeddable":true,"href":"https:\/\/fltpoccitanie.fr\/index.php\/wp-json\/wp\/v2\/users\/1"}],"replies":[{"embeddable":true,"href":"https:\/\/fltpoccitanie.fr\/index.php\/wp-json\/wp\/v2\/comments?post=1143"}],"version-history":[{"count":6,"href":"https:\/\/fltpoccitanie.fr\/index.php\/wp-json\/wp\/v2\/pages\/1143\/revisions"}],"predecessor-version":[{"id":1915,"href":"https:\/\/fltpoccitanie.fr\/index.php\/wp-json\/wp\/v2\/pages\/1143\/revisions\/1915"}],"wp:attachment":[{"href":"https:\/\/fltpoccitanie.fr\/index.php\/wp-json\/wp\/v2\/media?parent=1143"}],"curies":[{"name":"wp","href":"https:\/\/api.w.org\/{rel}","templated":true}]}}