{"id":1136,"date":"2020-12-10T18:42:00","date_gmt":"2020-12-10T17:42:00","guid":{"rendered":"https:\/\/fltpoccitanie.fr\/?page_id=1136"},"modified":"2022-11-02T15:45:23","modified_gmt":"2022-11-02T14:45:23","slug":"assainissement-reseau-sec-terrassement-larra","status":"publish","type":"page","link":"https:\/\/fltpoccitanie.fr\/index.php\/assainissement-reseau-sec-terrassement-larra\/","title":{"rendered":"Assainissement &#8211; R\u00e9seau sec"},"content":{"rendered":"<div data-colibri-id=\"1136-c1\" class=\"style-772 style-local-1136-c1 position-relative\">\n  <!---->\n  <div data-colibri-component=\"section\" data-colibri-id=\"1136-c2\" id=\"photo-gallery\" class=\"h-section h-section-global-spacing d-flex align-items-lg-center align-items-md-center align-items-center style-781 style-local-1136-c2 position-relative\">\n    <!---->\n    <!---->\n    <div class=\"h-section-grid-container h-section-fluid-container\">\n      <!---->\n      <div data-colibri-id=\"1136-c3\" class=\"h-row-container gutters-row-lg-0 gutters-row-md-0 gutters-row-0 gutters-row-v-lg-0 gutters-row-v-md-0 gutters-row-v-0 style-782 style-local-1136-c3 position-relative\">\n        <!---->\n        <div class=\"h-row justify-content-lg-center justify-content-md-center justify-content-center align-items-lg-stretch align-items-md-stretch align-items-stretch gutters-col-lg-0 gutters-col-md-0 gutters-col-0 gutters-col-v-lg-0 gutters-col-v-md-0 gutters-col-v-0\">\n          <!---->\n          <div class=\"h-column h-column-container d-flex h-col-lg-auto h-col-md-auto h-col-auto style-783-outer style-local-1136-c4-outer\">\n            <div data-colibri-id=\"1136-c4\" class=\"d-flex h-flex-basis h-column__inner h-px-lg-0 h-px-md-0 h-px-0 v-inner-lg-0 v-inner-md-0 v-inner-0 style-783 style-local-1136-c4 position-relative\">\n              <!---->\n              <!---->\n              <div class=\"w-100 h-y-container h-column__content h-column__v-align flex-basis-100 align-self-lg-start align-self-md-start align-self-start\">\n                <!---->\n                <div data-colibri-component=\"\" data-colibri-id=\"1136-c5\" class=\"h-photo-gallery margin-none caption-none style-784 style-local-1136-c5 position-relative h-element\">\n                  <!---->\n                  <div class=\"h-global-transition-all\"><div id='colibri-1136-c5' class='gallery-wrapper'>    <style type=\"text\/css\">\n\n        @media (min-width: 1023px) {        #colibri-1136-c5        dl {\n            float: left;\n            width: 8.3333333333333% !important;\n            max-width: 8.3333333333333% !important;\n            min-width: 8.3333333333333% !important;\n        }\n\n        #colibri-1136-c5        dl:nth-of-type(12n +1 ) {\n            clear: both;\n        }\n\n        }@media (min-width: 768px) and (max-width: 1023px) {        #colibri-1136-c5        dl {\n            float: left;\n            width: 8.3333333333333% !important;\n            max-width: 8.3333333333333% !important;\n            min-width: 8.3333333333333% !important;\n        }\n\n        #colibri-1136-c5        dl:nth-of-type(12n +1 ) {\n            clear: both;\n        }\n\n        }@media (max-width: 767px) {        #colibri-1136-c5        dl {\n            float: left;\n            width: 50% !important;\n            max-width: 50% !important;\n            min-width: 50% !important;\n        }\n\n        #colibri-1136-c5        dl:nth-of-type(2n +1 ) {\n            clear: both;\n        }\n\n        }\n        #colibri-1136-c5        .gallery-item {\n            position: relative;\n        }\n\n        \n    <\/style>\n    <div   class='colibri-1136-c5-dls-wrapper gallery-items-wrapper' ><dl class='gallery-item masonry-item'>\n\t\t\t<dt class='gallery-icon portrait'>\n\t\t\t\t<a data-fancybox=\"colibri-1136-c5-group\" href='https:\/\/fltpoccitanie.fr\/wp-content\/uploads\/2020\/12\/1-3.jpg'><img  width=\"150\" height=\"150\" src=\"https:\/\/fltpoccitanie.fr\/wp-content\/uploads\/2020\/12\/1-3-150x150.jpg\"  class='colibri-1136-c5-image' alt=\"\" loading=\"lazy\" aria-describedby=\"gallery-1-1200\" \/><\/a>\n\t\t\t<\/dt>\n\t\t\t\t<div class=\"gallery-caption__wrapper\"><dd class='wp-caption-text gallery-caption' id='gallery-1-1200'>\n\t\t\t\tEntreprise de Terrassement \u00e0 Larra\n\t\t\t\t<\/dd><\/div><\/dl><dl class='gallery-item masonry-item'>\n\t\t\t<dt class='gallery-icon portrait'>\n\t\t\t\t<a data-fancybox=\"colibri-1136-c5-group\" href='https:\/\/fltpoccitanie.fr\/wp-content\/uploads\/2020\/12\/2-3.jpg'><img  width=\"150\" height=\"150\" src=\"https:\/\/fltpoccitanie.fr\/wp-content\/uploads\/2020\/12\/2-3-150x150.jpg\"  class='colibri-1136-c5-image' alt=\"\" loading=\"lazy\" aria-describedby=\"gallery-1-1201\" \/><\/a>\n\t\t\t<\/dt>\n\t\t\t\t<div class=\"gallery-caption__wrapper\"><dd class='wp-caption-text gallery-caption' id='gallery-1-1201'>\n\t\t\t\tEntreprise de Terrassement \u00e0 Larra\n\t\t\t\t<\/dd><\/div><\/dl><dl class='gallery-item masonry-item'>\n\t\t\t<dt class='gallery-icon portrait'>\n\t\t\t\t<a data-fancybox=\"colibri-1136-c5-group\" href='https:\/\/fltpoccitanie.fr\/wp-content\/uploads\/2020\/12\/3-2.jpg'><img  width=\"150\" height=\"150\" src=\"https:\/\/fltpoccitanie.fr\/wp-content\/uploads\/2020\/12\/3-2-150x150.jpg\"  class='colibri-1136-c5-image' alt=\"\" loading=\"lazy\" aria-describedby=\"gallery-1-1202\" \/><\/a>\n\t\t\t<\/dt>\n\t\t\t\t<div class=\"gallery-caption__wrapper\"><dd class='wp-caption-text gallery-caption' id='gallery-1-1202'>\n\t\t\t\tEntreprise de Terrassement \u00e0 Larra\n\t\t\t\t<\/dd><\/div><\/dl><dl class='gallery-item masonry-item'>\n\t\t\t<dt class='gallery-icon portrait'>\n\t\t\t\t<a data-fancybox=\"colibri-1136-c5-group\" href='https:\/\/fltpoccitanie.fr\/wp-content\/uploads\/2020\/12\/reseau-sec.jpg'><img  width=\"150\" height=\"150\" src=\"https:\/\/fltpoccitanie.fr\/wp-content\/uploads\/2020\/12\/reseau-sec-150x150.jpg\"  class='colibri-1136-c5-image' alt=\"\" loading=\"lazy\" aria-describedby=\"gallery-1-1242\" \/><\/a>\n\t\t\t<\/dt>\n\t\t\t\t<div class=\"gallery-caption__wrapper\"><dd class='wp-caption-text gallery-caption' id='gallery-1-1242'>\n\t\t\t\tEntreprise de Terrassement \u00e0 Larra\n\t\t\t\t<\/dd><\/div><\/dl><dl class='gallery-item masonry-item'>\n\t\t\t<dt class='gallery-icon portrait'>\n\t\t\t\t<a data-fancybox=\"colibri-1136-c5-group\" href='https:\/\/fltpoccitanie.fr\/wp-content\/uploads\/2022\/11\/313908139_793722425068438_5869940017207067647_n.jpg'><img  width=\"150\" height=\"150\" src=\"https:\/\/fltpoccitanie.fr\/wp-content\/uploads\/2022\/11\/313908139_793722425068438_5869940017207067647_n-150x150.jpg\"  class='colibri-1136-c5-image' alt=\"\" loading=\"lazy\" aria-describedby=\"gallery-1-1920\" \/><\/a>\n\t\t\t<\/dt>\n\t\t\t\t<div class=\"gallery-caption__wrapper\"><dd class='wp-caption-text gallery-caption' id='gallery-1-1920'>\n\t\t\t\tEntreprise de Terrassement \u00e0 Larra\n\t\t\t\t<\/dd><\/div><\/dl><dl class='gallery-item masonry-item'>\n\t\t\t<dt class='gallery-icon portrait'>\n\t\t\t\t<a data-fancybox=\"colibri-1136-c5-group\" href='https:\/\/fltpoccitanie.fr\/wp-content\/uploads\/2022\/11\/313919655_823443315748748_5684938904910356050_n.jpg'><img  width=\"150\" height=\"150\" src=\"https:\/\/fltpoccitanie.fr\/wp-content\/uploads\/2022\/11\/313919655_823443315748748_5684938904910356050_n-150x150.jpg\"  class='colibri-1136-c5-image' alt=\"\" loading=\"lazy\" aria-describedby=\"gallery-1-1921\" \/><\/a>\n\t\t\t<\/dt>\n\t\t\t\t<div class=\"gallery-caption__wrapper\"><dd class='wp-caption-text gallery-caption' id='gallery-1-1921'>\n\t\t\t\tEntreprise de Terrassement \u00e0 Larra\n\t\t\t\t<\/dd><\/div><\/dl><dl class='gallery-item masonry-item'>\n\t\t\t<dt class='gallery-icon portrait'>\n\t\t\t\t<a data-fancybox=\"colibri-1136-c5-group\" href='https:\/\/fltpoccitanie.fr\/wp-content\/uploads\/2022\/11\/313930873_655585632954361_8075624283491721239_n.jpg'><img  width=\"150\" height=\"150\" src=\"https:\/\/fltpoccitanie.fr\/wp-content\/uploads\/2022\/11\/313930873_655585632954361_8075624283491721239_n-150x150.jpg\"  class='colibri-1136-c5-image' alt=\"\" loading=\"lazy\" aria-describedby=\"gallery-1-1922\" \/><\/a>\n\t\t\t<\/dt>\n\t\t\t\t<div class=\"gallery-caption__wrapper\"><dd class='wp-caption-text gallery-caption' id='gallery-1-1922'>\n\t\t\t\tEntreprise de Terrassement \u00e0 Larra\n\t\t\t\t<\/dd><\/div><\/dl><dl class='gallery-item masonry-item'>\n\t\t\t<dt class='gallery-icon portrait'>\n\t\t\t\t<a data-fancybox=\"colibri-1136-c5-group\" href='https:\/\/fltpoccitanie.fr\/wp-content\/uploads\/2022\/11\/312563721_543732717588818_7648754090881492559_n.jpg'><img  width=\"150\" height=\"150\" src=\"https:\/\/fltpoccitanie.fr\/wp-content\/uploads\/2022\/11\/312563721_543732717588818_7648754090881492559_n-150x150.jpg\"  class='colibri-1136-c5-image' alt=\"\" loading=\"lazy\" aria-describedby=\"gallery-1-1942\" \/><\/a>\n\t\t\t<\/dt>\n\t\t\t\t<div class=\"gallery-caption__wrapper\"><dd class='wp-caption-text gallery-caption' id='gallery-1-1942'>\n\t\t\t\tEntreprise de Terrassement \u00e0 Larra\n\t\t\t\t<\/dd><\/div><\/dl><dl class='gallery-item masonry-item'>\n\t\t\t<dt class='gallery-icon portrait'>\n\t\t\t\t<a data-fancybox=\"colibri-1136-c5-group\" href='https:\/\/fltpoccitanie.fr\/wp-content\/uploads\/2022\/11\/313506042_511057384222306_1819003262218525202_n.jpg'><img  width=\"150\" height=\"150\" src=\"https:\/\/fltpoccitanie.fr\/wp-content\/uploads\/2022\/11\/313506042_511057384222306_1819003262218525202_n-150x150.jpg\"  class='colibri-1136-c5-image' alt=\"\" loading=\"lazy\" aria-describedby=\"gallery-1-1945\" \/><\/a>\n\t\t\t<\/dt>\n\t\t\t\t<div class=\"gallery-caption__wrapper\"><dd class='wp-caption-text gallery-caption' id='gallery-1-1945'>\n\t\t\t\tEntreprise de Terrassement \u00e0 Larra\n\t\t\t\t<\/dd><\/div><\/dl><dl class='gallery-item masonry-item'>\n\t\t\t<dt class='gallery-icon portrait'>\n\t\t\t\t<a data-fancybox=\"colibri-1136-c5-group\" href='https:\/\/fltpoccitanie.fr\/wp-content\/uploads\/2022\/11\/313939396_988163012140926_1167223829636182892_n.jpg'><img  width=\"150\" height=\"150\" src=\"https:\/\/fltpoccitanie.fr\/wp-content\/uploads\/2022\/11\/313939396_988163012140926_1167223829636182892_n-150x150.jpg\"  class='colibri-1136-c5-image' alt=\"\" loading=\"lazy\" aria-describedby=\"gallery-1-1948\" \/><\/a>\n\t\t\t<\/dt>\n\t\t\t\t<div class=\"gallery-caption__wrapper\"><dd class='wp-caption-text gallery-caption' id='gallery-1-1948'>\n\t\t\t\tEntreprise de Terrassement \u00e0 Larra\n\t\t\t\t<\/dd><\/div><\/dl><dl class='gallery-item masonry-item'>\n\t\t\t<dt class='gallery-icon portrait'>\n\t\t\t\t<a data-fancybox=\"colibri-1136-c5-group\" href='https:\/\/fltpoccitanie.fr\/wp-content\/uploads\/2022\/11\/314335081_1777027789320672_3417551914139377658_n.jpg'><img  width=\"150\" height=\"150\" src=\"https:\/\/fltpoccitanie.fr\/wp-content\/uploads\/2022\/11\/314335081_1777027789320672_3417551914139377658_n-150x150.jpg\"  class='colibri-1136-c5-image' alt=\"\" loading=\"lazy\" aria-describedby=\"gallery-1-1950\" \/><\/a>\n\t\t\t<\/dt>\n\t\t\t\t<div class=\"gallery-caption__wrapper\"><dd class='wp-caption-text gallery-caption' id='gallery-1-1950'>\n\t\t\t\tEntreprise de Terrassement \u00e0 Larra\n\t\t\t\t<\/dd><\/div><\/dl><dl class='gallery-item masonry-item'>\n\t\t\t<dt class='gallery-icon portrait'>\n\t\t\t\t<a data-fancybox=\"colibri-1136-c5-group\" href='https:\/\/fltpoccitanie.fr\/wp-content\/uploads\/2022\/11\/312414157_681345093305157_9051178233983647380_n.jpg'><img  width=\"150\" height=\"150\" src=\"https:\/\/fltpoccitanie.fr\/wp-content\/uploads\/2022\/11\/312414157_681345093305157_9051178233983647380_n-150x150.jpg\"  class='colibri-1136-c5-image' alt=\"\" loading=\"lazy\" aria-describedby=\"gallery-1-1941\" \/><\/a>\n\t\t\t<\/dt>\n\t\t\t\t<div class=\"gallery-caption__wrapper\"><dd class='wp-caption-text gallery-caption' id='gallery-1-1941'>\n\t\t\t\tEntreprise de Terrassement \u00e0 Larra\n\t\t\t\t<\/dd><\/div><\/dl><dl class='gallery-item masonry-item'>\n\t\t\t<dt class='gallery-icon portrait'>\n\t\t\t\t<a data-fancybox=\"colibri-1136-c5-group\" href='https:\/\/fltpoccitanie.fr\/wp-content\/uploads\/2022\/11\/314368962_807576990513156_8976844826342075376_n.jpg'><img  width=\"150\" height=\"150\" src=\"https:\/\/fltpoccitanie.fr\/wp-content\/uploads\/2022\/11\/314368962_807576990513156_8976844826342075376_n-150x150.jpg\"  class='colibri-1136-c5-image' alt=\"\" loading=\"lazy\" aria-describedby=\"gallery-1-1951\" \/><\/a>\n\t\t\t<\/dt>\n\t\t\t\t<div class=\"gallery-caption__wrapper\"><dd class='wp-caption-text gallery-caption' id='gallery-1-1951'>\n\t\t\t\tEntreprise de Terrassement \u00e0 Larra\n\t\t\t\t<\/dd><\/div><\/dl><dl class='gallery-item masonry-item'>\n\t\t\t<dt class='gallery-icon portrait'>\n\t\t\t\t<a data-fancybox=\"colibri-1136-c5-group\" href='https:\/\/fltpoccitanie.fr\/wp-content\/uploads\/2022\/11\/313906920_643843780561642_7114712144169226963_n.jpg'><img  width=\"150\" height=\"150\" src=\"https:\/\/fltpoccitanie.fr\/wp-content\/uploads\/2022\/11\/313906920_643843780561642_7114712144169226963_n-150x150.jpg\"  class='colibri-1136-c5-image' alt=\"\" loading=\"lazy\" aria-describedby=\"gallery-1-1947\" \/><\/a>\n\t\t\t<\/dt>\n\t\t\t\t<div class=\"gallery-caption__wrapper\"><dd class='wp-caption-text gallery-caption' id='gallery-1-1947'>\n\t\t\t\tEntreprise de Terrassement \u00e0 Larra\n\t\t\t\t<\/dd><\/div><\/dl><dl class='gallery-item masonry-item'>\n\t\t\t<dt class='gallery-icon portrait'>\n\t\t\t\t<a data-fancybox=\"colibri-1136-c5-group\" href='https:\/\/fltpoccitanie.fr\/wp-content\/uploads\/2022\/11\/313219071_885075032870236_3385760761229101630_n.jpg'><img  width=\"150\" height=\"150\" src=\"https:\/\/fltpoccitanie.fr\/wp-content\/uploads\/2022\/11\/313219071_885075032870236_3385760761229101630_n-150x150.jpg\"  class='colibri-1136-c5-image' alt=\"\" loading=\"lazy\" aria-describedby=\"gallery-1-1944\" \/><\/a>\n\t\t\t<\/dt>\n\t\t\t\t<div class=\"gallery-caption__wrapper\"><dd class='wp-caption-text gallery-caption' id='gallery-1-1944'>\n\t\t\t\tEntreprise de Terrassement \u00e0 Larra\n\t\t\t\t<\/dd><\/div><\/dl><dl class='gallery-item masonry-item'>\n\t\t\t<dt class='gallery-icon portrait'>\n\t\t\t\t<a data-fancybox=\"colibri-1136-c5-group\" href='https:\/\/fltpoccitanie.fr\/wp-content\/uploads\/2022\/11\/314028411_836269947719417_1052085546273082564_n.jpg'><img  width=\"150\" height=\"150\" src=\"https:\/\/fltpoccitanie.fr\/wp-content\/uploads\/2022\/11\/314028411_836269947719417_1052085546273082564_n-150x150.jpg\"  class='colibri-1136-c5-image' alt=\"\" loading=\"lazy\" aria-describedby=\"gallery-1-1949\" \/><\/a>\n\t\t\t<\/dt>\n\t\t\t\t<div class=\"gallery-caption__wrapper\"><dd class='wp-caption-text gallery-caption' id='gallery-1-1949'>\n\t\t\t\tEntreprise de Terrassement \u00e0 Larra\n\t\t\t\t<\/dd><\/div><\/dl>\n\t\t<\/div>\n<style>#colibri-1136-c5 .wp-caption-text.gallery-caption{display:none;}<\/style><\/div><\/div>\n                <\/div>\n              <\/div>\n            <\/div>\n          <\/div>\n        <\/div>\n      <\/div>\n    <\/div>\n  <\/div>\n<\/div>","protected":false},"excerpt":{"rendered":"","protected":false},"author":1,"featured_media":0,"parent":0,"menu_order":0,"comment_status":"closed","ping_status":"closed","template":"page-templates\/full-width-page.php","meta":[],"yoast_head":"<!-- This site is optimized with the Yoast SEO plugin v15.2.1 - https:\/\/yoast.com\/wordpress\/plugins\/seo\/ -->\n<title>Assainissement - R\u00e9seau sec - FLTP Occitanie terrassement enrochement<\/title>\n<meta name=\"description\" content=\"D\u00e9couvrez les chantiers d&#039;assainissement et r\u00e9seau sec r\u00e9alis\u00e9s par FLTP Occitanie entreprise de terrassement \u00e0 Grenade, Colomiers, Blagnac\" \/>\n<meta name=\"robots\" content=\"index, follow, max-snippet:-1, max-image-preview:large, max-video-preview:-1\" \/>\n<link rel=\"canonical\" href=\"https:\/\/fltpoccitanie.fr\/index.php\/assainissement-reseau-sec-terrassement-larra\/\" \/>\n<meta property=\"og:locale\" content=\"fr_FR\" \/>\n<meta property=\"og:type\" content=\"article\" \/>\n<meta property=\"og:title\" content=\"D\u00e9couvrez les chantiers d&#039;assainissement et r\u00e9seau sec r\u00e9alis\u00e9s par FLTP Occitanie entreprise de terrassement \u00e0 Larra\" \/>\n<meta property=\"og:description\" content=\"D\u00e9couvrez les chantiers d&#039;assainissement et r\u00e9seau sec r\u00e9alis\u00e9s par FLTP Occitanie entreprise de terrassement \u00e0 Larra\" \/>\n<meta property=\"og:url\" content=\"https:\/\/fltpoccitanie.fr\/index.php\/assainissement-reseau-sec-terrassement-larra\/\" \/>\n<meta property=\"og:site_name\" content=\"FLTP Occitanie\" \/>\n<meta property=\"article:publisher\" content=\"https:\/\/www.facebook.com\/FLTP-Occitanie-2255442611148248\" \/>\n<meta property=\"article:modified_time\" content=\"2022-11-02T14:45:23+00:00\" \/>\n<meta property=\"og:image\" content=\"https:\/\/fltpoccitanie.fr\/wp-content\/uploads\/2020\/11\/cropped-cropped-cropped-cropped-LOGO-FLTP-sans-fond.png\" \/>\n\t<meta property=\"og:image:width\" content=\"822\" \/>\n\t<meta property=\"og:image:height\" content=\"595\" \/>\n<meta name=\"twitter:card\" content=\"summary_large_image\" \/>\n<meta name=\"twitter:label1\" content=\"\u00c9crit par\">\n\t<meta name=\"twitter:data1\" content=\"FLTP OCCITANIE\">\n\t<meta name=\"twitter:label2\" content=\"Dur\u00e9e de lecture est.\">\n\t<meta name=\"twitter:data2\" content=\"0 minute\">\n<script type=\"application\/ld+json\" class=\"yoast-schema-graph\">{\"@context\":\"https:\/\/schema.org\",\"@graph\":[{\"@type\":\"Organization\",\"@id\":\"https:\/\/fltpoccitanie.fr\/#organization\",\"name\":\"FLTP OCCITANIE entreprise de terrassement \\u00e0 Larra\",\"url\":\"https:\/\/fltpoccitanie.fr\/\",\"sameAs\":[\"https:\/\/www.facebook.com\/FLTP-Occitanie-2255442611148248\",\"https:\/\/www.instagram.com\/fltp.occitanie\/?hl=fr\"],\"logo\":{\"@type\":\"ImageObject\",\"@id\":\"https:\/\/fltpoccitanie.fr\/#logo\",\"inLanguage\":\"fr-FR\",\"url\":\"https:\/\/fltpoccitanie.fr\/wp-content\/uploads\/2020\/11\/LOGO-FLTP.png\",\"width\":1713,\"height\":1241,\"caption\":\"FLTP OCCITANIE entreprise de terrassement \\u00e0 Larra\"},\"image\":{\"@id\":\"https:\/\/fltpoccitanie.fr\/#logo\"}},{\"@type\":\"WebSite\",\"@id\":\"https:\/\/fltpoccitanie.fr\/#website\",\"url\":\"https:\/\/fltpoccitanie.fr\/\",\"name\":\"FLTP Occitanie\",\"description\":\"Travaux de D\\u00e9molition, Terrassement, Assainissement, Enrochement, Am\\u00e9nagement ext\\u00e9rieur \\u00e0 Larra\",\"publisher\":{\"@id\":\"https:\/\/fltpoccitanie.fr\/#organization\"},\"potentialAction\":[{\"@type\":\"SearchAction\",\"target\":\"https:\/\/fltpoccitanie.fr\/?s={search_term_string}\",\"query-input\":\"required name=search_term_string\"}],\"inLanguage\":\"fr-FR\"},{\"@type\":\"WebPage\",\"@id\":\"https:\/\/fltpoccitanie.fr\/index.php\/assainissement-reseau-sec-terrassement-larra\/#webpage\",\"url\":\"https:\/\/fltpoccitanie.fr\/index.php\/assainissement-reseau-sec-terrassement-larra\/\",\"name\":\"Assainissement - R\\u00e9seau sec - FLTP Occitanie terrassement enrochement\",\"isPartOf\":{\"@id\":\"https:\/\/fltpoccitanie.fr\/#website\"},\"datePublished\":\"2020-12-10T17:42:00+00:00\",\"dateModified\":\"2022-11-02T14:45:23+00:00\",\"description\":\"D\\u00e9couvrez les chantiers d'assainissement et r\\u00e9seau sec r\\u00e9alis\\u00e9s par FLTP Occitanie entreprise de terrassement \\u00e0 Grenade, Colomiers, Blagnac\",\"inLanguage\":\"fr-FR\",\"potentialAction\":[{\"@type\":\"ReadAction\",\"target\":[\"https:\/\/fltpoccitanie.fr\/index.php\/assainissement-reseau-sec-terrassement-larra\/\"]}]}]}<\/script>\n<!-- \/ Yoast SEO plugin. -->","_links":{"self":[{"href":"https:\/\/fltpoccitanie.fr\/index.php\/wp-json\/wp\/v2\/pages\/1136"}],"collection":[{"href":"https:\/\/fltpoccitanie.fr\/index.php\/wp-json\/wp\/v2\/pages"}],"about":[{"href":"https:\/\/fltpoccitanie.fr\/index.php\/wp-json\/wp\/v2\/types\/page"}],"author":[{"embeddable":true,"href":"https:\/\/fltpoccitanie.fr\/index.php\/wp-json\/wp\/v2\/users\/1"}],"replies":[{"embeddable":true,"href":"https:\/\/fltpoccitanie.fr\/index.php\/wp-json\/wp\/v2\/comments?post=1136"}],"version-history":[{"count":10,"href":"https:\/\/fltpoccitanie.fr\/index.php\/wp-json\/wp\/v2\/pages\/1136\/revisions"}],"predecessor-version":[{"id":1954,"href":"https:\/\/fltpoccitanie.fr\/index.php\/wp-json\/wp\/v2\/pages\/1136\/revisions\/1954"}],"wp:attachment":[{"href":"https:\/\/fltpoccitanie.fr\/index.php\/wp-json\/wp\/v2\/media?parent=1136"}],"curies":[{"name":"wp","href":"https:\/\/api.w.org\/{rel}","templated":true}]}}